{"id":2245,"date":"2021-01-04T08:51:54","date_gmt":"2021-01-04T08:51:54","guid":{"rendered":"https:\/\/emaurri.qodeinteractive.com\/?page_id=2245"},"modified":"2022-09-15T18:57:43","modified_gmt":"2022-09-15T18:57:43","slug":"o-mnie","status":"publish","type":"page","link":"https:\/\/aleksandrakula.pl\/index.php\/o-mnie\/","title":{"rendered":"O mnie"},"content":{"rendered":"\t\t<div data-elementor-type=\"wp-page\" data-elementor-id=\"2245\" class=\"elementor elementor-2245\">\n\t\t\t\t\t\t<section class=\"elementor-section elementor-top-section elementor-element elementor-element-7b3e0a5 elementor-section-full_width qodef-elementor-content-grid elementor-section-height-default elementor-section-height-default\" data-id=\"7b3e0a5\" data-element_type=\"section\">\n\t\t\t\t\t\t<div class=\"elementor-container elementor-column-gap-default\">\n\t\t\t\t\t<div class=\"elementor-column elementor-col-50 elementor-top-column elementor-element elementor-element-4563847\" data-id=\"4563847\" data-element_type=\"column\">\n\t\t\t<div class=\"elementor-widget-wrap elementor-element-populated\">\n\t\t\t\t\t\t<div class=\"elementor-element elementor-element-60503d6 elementor-widget elementor-widget-emaurri_core_single_image\" data-id=\"60503d6\" data-element_type=\"widget\" data-widget_type=\"emaurri_core_single_image.default\">\n\t\t\t\t<div class=\"elementor-widget-container\">\n\t\t\t\t\t<div class=\"qodef-shortcode qodef-m  qodef-single-image qodef-layout--default \">\n\t<div class=\"qodef-m-image\">\n\t\t\t<img fetchpriority=\"high\" decoding=\"async\" width=\"1080\" height=\"1080\" src=\"https:\/\/aleksandrakula.pl\/wp-content\/uploads\/2022\/09\/aleksandra-kula-projektant-wnetrz.jpg\" class=\"attachment-full size-full\" alt=\"\" srcset=\"https:\/\/aleksandrakula.pl\/wp-content\/uploads\/2022\/09\/aleksandra-kula-projektant-wnetrz.jpg 1080w, https:\/\/aleksandrakula.pl\/wp-content\/uploads\/2022\/09\/aleksandra-kula-projektant-wnetrz-300x300.jpg 300w, https:\/\/aleksandrakula.pl\/wp-content\/uploads\/2022\/09\/aleksandra-kula-projektant-wnetrz-100x100.jpg 100w, https:\/\/aleksandrakula.pl\/wp-content\/uploads\/2022\/09\/aleksandra-kula-projektant-wnetrz-600x600.jpg 600w, https:\/\/aleksandrakula.pl\/wp-content\/uploads\/2022\/09\/aleksandra-kula-projektant-wnetrz-1024x1024.jpg 1024w, https:\/\/aleksandrakula.pl\/wp-content\/uploads\/2022\/09\/aleksandra-kula-projektant-wnetrz-150x150.jpg 150w, https:\/\/aleksandrakula.pl\/wp-content\/uploads\/2022\/09\/aleksandra-kula-projektant-wnetrz-768x768.jpg 768w, https:\/\/aleksandrakula.pl\/wp-content\/uploads\/2022\/09\/aleksandra-kula-projektant-wnetrz-650x650.jpg 650w\" sizes=\"(max-width: 1080px) 100vw, 1080px\" \/>\t<\/div>\n<\/div>\n\t\t\t\t<\/div>\n\t\t\t\t<\/div>\n\t\t\t\t\t<\/div>\n\t\t<\/div>\n\t\t\t\t<div class=\"elementor-column elementor-col-50 elementor-top-column elementor-element elementor-element-9c83512\" data-id=\"9c83512\" data-element_type=\"column\">\n\t\t\t<div class=\"elementor-widget-wrap elementor-element-populated\">\n\t\t\t\t\t\t<div class=\"elementor-element elementor-element-ed8c839 elementor-widget__width-initial elementor-widget elementor-widget-emaurri_core_section_title\" data-id=\"ed8c839\" data-element_type=\"widget\" data-widget_type=\"emaurri_core_section_title.default\">\n\t\t\t\t<div class=\"elementor-widget-container\">\n\t\t\t\t\t<div class=\"qodef-shortcode qodef-m  qodef-section-title qodef-alignment--left \">\n\t\t\t<h2 class=\"qodef-m-title\" >\n\t\t\t\t\tAleksandra Kula-Le\u015bniak\t\t\t<\/h2>\n\t\t<p class=\"qodef-m-text\" style=\"margin-top: 13px;font-size: 20px\">Absolwentka Akademii Sztuk Pieknych na wydziale wzornictwa i projektowania wn\u0119trz.<\/p>\n<\/div>\n\t\t\t\t<\/div>\n\t\t\t\t<\/div>\n\t\t\t\t<div class=\"elementor-element elementor-element-4fa7975 elementor-widget__width-initial elementor-widget elementor-widget-emaurri_core_section_title\" data-id=\"4fa7975\" data-element_type=\"widget\" data-widget_type=\"emaurri_core_section_title.default\">\n\t\t\t\t<div class=\"elementor-widget-container\">\n\t\t\t\t\t<div class=\"qodef-shortcode qodef-m  qodef-section-title qodef-alignment--left \">\n\t\t\t\t<p class=\"qodef-m-text\" style=\"margin-top: 13px;font-size: 20px\">Do\u015bwiadczenie zawodowe zdobywa\u0142am jako projektant ju\u017c na studiach, a nast\u0119pnie dla wiod\u0105cego producenta ceramiki i mebli \u0142azienkowych na stanowisku designer.<\/p>\n<\/div>\n\t\t\t\t<\/div>\n\t\t\t\t<\/div>\n\t\t\t\t<div class=\"elementor-element elementor-element-50c61ad elementor-widget elementor-widget-spacer\" data-id=\"50c61ad\" data-element_type=\"widget\" data-widget_type=\"spacer.default\">\n\t\t\t\t<div class=\"elementor-widget-container\">\n\t\t\t\t\t\t\t<div class=\"elementor-spacer\">\n\t\t\t<div class=\"elementor-spacer-inner\"><\/div>\n\t\t<\/div>\n\t\t\t\t\t\t<\/div>\n\t\t\t\t<\/div>\n\t\t\t\t\t<\/div>\n\t\t<\/div>\n\t\t\t\t\t<\/div>\n\t\t<\/section>\n\t\t\t\t<section class=\"elementor-section elementor-top-section elementor-element elementor-element-0cbd35f elementor-section-full_width qodef-elementor-content-grid elementor-section-height-default elementor-section-height-default\" data-id=\"0cbd35f\" data-element_type=\"section\">\n\t\t\t\t\t\t<div class=\"elementor-container elementor-column-gap-default\">\n\t\t\t\t\t<div class=\"elementor-column elementor-col-100 elementor-top-column elementor-element elementor-element-db21694\" data-id=\"db21694\" data-element_type=\"column\">\n\t\t\t<div class=\"elementor-widget-wrap elementor-element-populated\">\n\t\t\t\t\t\t<div class=\"elementor-element elementor-element-ec040a7 elementor-widget elementor-widget-emaurri_core_section_title\" data-id=\"ec040a7\" data-element_type=\"widget\" data-widget_type=\"emaurri_core_section_title.default\">\n\t\t\t\t<div class=\"elementor-widget-container\">\n\t\t\t\t\t<div class=\"qodef-shortcode qodef-m  qodef-section-title qodef-alignment--center \">\n\t\t<span class=\"qodef-m-tagline\" style=\"margin-bottom: 9px\">Projekty Aleksandry Kuli-Le\u015bniak<\/span>\n\t\t<h2 class=\"qodef-m-title\" >\n\t\t\t\t\tPoznaj moje projekty\t\t\t<\/h2>\n\t<\/div>\n\t\t\t\t<\/div>\n\t\t\t\t<\/div>\n\t\t\t\t\t<\/div>\n\t\t<\/div>\n\t\t\t\t\t<\/div>\n\t\t<\/section>\n\t\t\t\t<section class=\"elementor-section elementor-top-section elementor-element elementor-element-de95c85 elementor-section-boxed elementor-section-height-default elementor-section-height-default qodef-elementor-content-no\" data-id=\"de95c85\" data-element_type=\"section\">\n\t\t\t\t\t\t<div class=\"elementor-container elementor-column-gap-default\">\n\t\t\t\t\t<div class=\"elementor-column elementor-col-100 elementor-top-column elementor-element elementor-element-2cc63a0\" data-id=\"2cc63a0\" data-element_type=\"column\">\n\t\t\t<div class=\"elementor-widget-wrap elementor-element-populated\">\n\t\t\t\t\t\t<div class=\"elementor-element elementor-element-9d9ea56 elementor-widget elementor-widget-emaurri_core_portfolio_list\" data-id=\"9d9ea56\" data-element_type=\"widget\" data-widget_type=\"emaurri_core_portfolio_list.default\">\n\t\t\t\t<div class=\"elementor-widget-container\">\n\t\t\t\t\t<div class=\"qodef-shortcode qodef-m  qodef-portfolio-list qodef-item-layout--info-below   qodef-grid qodef-layout--columns  qodef-gutter--normal qodef-col-num--3 qodef-item-layout--info-below qodef--no-bottom-space qodef-pagination--off qodef-responsive--predefined qodef-hover-animation--zoom\" data-options=\"{&quot;plugin&quot;:&quot;emaurri_core&quot;,&quot;module&quot;:&quot;post-types\\\/portfolio\\\/shortcodes&quot;,&quot;shortcode&quot;:&quot;portfolio-list&quot;,&quot;post_type&quot;:&quot;portfolio-item&quot;,&quot;next_page&quot;:&quot;2&quot;,&quot;max_pages_num&quot;:1,&quot;behavior&quot;:&quot;columns&quot;,&quot;images_proportion&quot;:&quot;full&quot;,&quot;columns&quot;:&quot;3&quot;,&quot;columns_responsive&quot;:&quot;predefined&quot;,&quot;space&quot;:&quot;normal&quot;,&quot;posts_per_page&quot;:&quot;9&quot;,&quot;orderby&quot;:&quot;date&quot;,&quot;order&quot;:&quot;DESC&quot;,&quot;layout&quot;:&quot;info-below&quot;,&quot;hover_animation_info-below&quot;:&quot;zoom&quot;,&quot;hover_animation_info-follow&quot;:&quot;follow&quot;,&quot;hover_animation_info-on-hover-bottom-left&quot;:&quot;fade-in&quot;,&quot;hover_animation_info-on-hover&quot;:&quot;fade-in&quot;,&quot;title_tag&quot;:&quot;p&quot;,&quot;custom_padding&quot;:&quot;no&quot;,&quot;pagination_type&quot;:&quot;no-pagination&quot;,&quot;enable_parallax&quot;:&quot;no&quot;,&quot;object_class_name&quot;:&quot;EmaurriCore_Portfolio_List_Shortcode&quot;,&quot;taxonomy_filter&quot;:&quot;portfolio-category&quot;,&quot;space_value&quot;:15}\">\n\t\t<div class=\"qodef-grid-inner clear\">\n\t\t<article class=\"qodef-e qodef-grid-item qodef-item--full post-8366 portfolio-item type-portfolio-item status-publish has-post-thumbnail hentry portfolio-category-wnetrza portfolio-tag-dom portfolio-tag-mieszkanie portfolio-tag-pokoj-dzieciecy\">\n\t<div class=\"qodef-e-inner\" >\n\t\t<div class=\"qodef-e-image\">\n\t\t\t\t<div class=\"qodef-e-media-image\">\n\t\t<a itemprop=\"url\" href=\"https:\/\/aleksandrakula.pl\/index.php\/portfolio-item\/pokoj-dla-siostr\/\">\n\t\t\t<img decoding=\"async\" width=\"1500\" height=\"1000\" src=\"https:\/\/aleksandrakula.pl\/wp-content\/uploads\/2023\/06\/projekt_06_str_01.jpg\" class=\"attachment-full size-full wp-post-image\" alt=\"\" srcset=\"https:\/\/aleksandrakula.pl\/wp-content\/uploads\/2023\/06\/projekt_06_str_01.jpg 1500w, https:\/\/aleksandrakula.pl\/wp-content\/uploads\/2023\/06\/projekt_06_str_01-300x200.jpg 300w, https:\/\/aleksandrakula.pl\/wp-content\/uploads\/2023\/06\/projekt_06_str_01-1024x683.jpg 1024w, https:\/\/aleksandrakula.pl\/wp-content\/uploads\/2023\/06\/projekt_06_str_01-768x512.jpg 768w\" sizes=\"(max-width: 1500px) 100vw, 1500px\" \/>\t\t<\/a>\n\t<\/div>\n\t\t<\/div>\n\t\t<div class=\"qodef-e-content\" >\n            <p itemprop=\"name\" class=\"qodef-e-title entry-title\" >\n\t<a itemprop=\"url\" class=\"qodef-e-title-link\" href=\"https:\/\/aleksandrakula.pl\/index.php\/portfolio-item\/pokoj-dla-siostr\/\">\n\t\tPok\u00f3j dla si\u00f3str\t<\/a>\n<\/p>\n\t\t\t<p itemprop=\"dateCreated\" class=\"qodef-e-info-date entry-date published\">cze 2023<\/p>\n\t\t<\/div>\n\t<\/div>\n<\/article>\n<article class=\"qodef-e qodef-grid-item qodef-item--full post-8361 portfolio-item type-portfolio-item status-publish has-post-thumbnail hentry portfolio-category-wnetrza portfolio-tag-dom portfolio-tag-mieszkanie portfolio-tag-pokoj-dzieciecy\">\n\t<div class=\"qodef-e-inner\" >\n\t\t<div class=\"qodef-e-image\">\n\t\t\t\t<div class=\"qodef-e-media-image\">\n\t\t<a itemprop=\"url\" href=\"https:\/\/aleksandrakula.pl\/index.php\/portfolio-item\/pokoj-dwoch-dziewczynek\/\">\n\t\t\t<img decoding=\"async\" width=\"1500\" height=\"999\" src=\"https:\/\/aleksandrakula.pl\/wp-content\/uploads\/2023\/06\/projekt_05_str_01.jpg\" class=\"attachment-full size-full wp-post-image\" alt=\"\" srcset=\"https:\/\/aleksandrakula.pl\/wp-content\/uploads\/2023\/06\/projekt_05_str_01.jpg 1500w, https:\/\/aleksandrakula.pl\/wp-content\/uploads\/2023\/06\/projekt_05_str_01-300x200.jpg 300w, https:\/\/aleksandrakula.pl\/wp-content\/uploads\/2023\/06\/projekt_05_str_01-1024x682.jpg 1024w, https:\/\/aleksandrakula.pl\/wp-content\/uploads\/2023\/06\/projekt_05_str_01-768x511.jpg 768w\" sizes=\"(max-width: 1500px) 100vw, 1500px\" \/>\t\t<\/a>\n\t<\/div>\n\t\t<\/div>\n\t\t<div class=\"qodef-e-content\" >\n            <p itemprop=\"name\" class=\"qodef-e-title entry-title\" >\n\t<a itemprop=\"url\" class=\"qodef-e-title-link\" href=\"https:\/\/aleksandrakula.pl\/index.php\/portfolio-item\/pokoj-dwoch-dziewczynek\/\">\n\t\tPok\u00f3j dw\u00f3ch dziewczynek\t<\/a>\n<\/p>\n\t\t\t<p itemprop=\"dateCreated\" class=\"qodef-e-info-date entry-date published\">cze 2023<\/p>\n\t\t<\/div>\n\t<\/div>\n<\/article>\n<article class=\"qodef-e qodef-grid-item qodef-item--full post-8355 portfolio-item type-portfolio-item status-publish has-post-thumbnail hentry portfolio-category-wnetrza portfolio-tag-dom portfolio-tag-mieszkanie portfolio-tag-salon\">\n\t<div class=\"qodef-e-inner\" >\n\t\t<div class=\"qodef-e-image\">\n\t\t\t\t<div class=\"qodef-e-media-image\">\n\t\t<a itemprop=\"url\" href=\"https:\/\/aleksandrakula.pl\/index.php\/portfolio-item\/25-metrowy-salon\/\">\n\t\t\t<img loading=\"lazy\" decoding=\"async\" width=\"1500\" height=\"1000\" src=\"https:\/\/aleksandrakula.pl\/wp-content\/uploads\/2023\/06\/projekt_04_str_01.jpg\" class=\"attachment-full size-full wp-post-image\" alt=\"\" srcset=\"https:\/\/aleksandrakula.pl\/wp-content\/uploads\/2023\/06\/projekt_04_str_01.jpg 1500w, https:\/\/aleksandrakula.pl\/wp-content\/uploads\/2023\/06\/projekt_04_str_01-300x200.jpg 300w, https:\/\/aleksandrakula.pl\/wp-content\/uploads\/2023\/06\/projekt_04_str_01-1024x683.jpg 1024w, https:\/\/aleksandrakula.pl\/wp-content\/uploads\/2023\/06\/projekt_04_str_01-768x512.jpg 768w\" sizes=\"(max-width: 1500px) 100vw, 1500px\" \/>\t\t<\/a>\n\t<\/div>\n\t\t<\/div>\n\t\t<div class=\"qodef-e-content\" >\n            <p itemprop=\"name\" class=\"qodef-e-title entry-title\" >\n\t<a itemprop=\"url\" class=\"qodef-e-title-link\" href=\"https:\/\/aleksandrakula.pl\/index.php\/portfolio-item\/25-metrowy-salon\/\">\n\t\t25 metrowy salon\t<\/a>\n<\/p>\n\t\t\t<p itemprop=\"dateCreated\" class=\"qodef-e-info-date entry-date published\">cze 2023<\/p>\n\t\t<\/div>\n\t<\/div>\n<\/article>\n<article class=\"qodef-e qodef-grid-item qodef-item--full post-8137 portfolio-item type-portfolio-item status-publish has-post-thumbnail hentry portfolio-category-wnetrza portfolio-tag-optyk portfolio-tag-przestrzen-publiczna portfolio-tag-salon portfolio-tag-warszawa\">\n\t<div class=\"qodef-e-inner\" >\n\t\t<div class=\"qodef-e-image\">\n\t\t\t\t<div class=\"qodef-e-media-image\">\n\t\t<a itemprop=\"url\" href=\"https:\/\/aleksandrakula.pl\/index.php\/portfolio-item\/projekt-gabinetu-ortoptycznego\/\">\n\t\t\t<img loading=\"lazy\" decoding=\"async\" width=\"1500\" height=\"1000\" src=\"https:\/\/aleksandrakula.pl\/wp-content\/uploads\/2022\/06\/Projekt-gabinetu-ortoptycznego-projekt_02_str_01.jpg\" class=\"attachment-full size-full wp-post-image\" alt=\"Projekt gabinetu ortoptycznego\" srcset=\"https:\/\/aleksandrakula.pl\/wp-content\/uploads\/2022\/06\/Projekt-gabinetu-ortoptycznego-projekt_02_str_01.jpg 1500w, https:\/\/aleksandrakula.pl\/wp-content\/uploads\/2022\/06\/Projekt-gabinetu-ortoptycznego-projekt_02_str_01-300x200.jpg 300w, https:\/\/aleksandrakula.pl\/wp-content\/uploads\/2022\/06\/Projekt-gabinetu-ortoptycznego-projekt_02_str_01-1024x683.jpg 1024w, https:\/\/aleksandrakula.pl\/wp-content\/uploads\/2022\/06\/Projekt-gabinetu-ortoptycznego-projekt_02_str_01-768x512.jpg 768w, https:\/\/aleksandrakula.pl\/wp-content\/uploads\/2022\/06\/Projekt-gabinetu-ortoptycznego-projekt_02_str_01-600x400.jpg 600w\" sizes=\"(max-width: 1500px) 100vw, 1500px\" \/>\t\t<\/a>\n\t<\/div>\n\t\t<\/div>\n\t\t<div class=\"qodef-e-content\" >\n            <p itemprop=\"name\" class=\"qodef-e-title entry-title\" >\n\t<a itemprop=\"url\" class=\"qodef-e-title-link\" href=\"https:\/\/aleksandrakula.pl\/index.php\/portfolio-item\/projekt-gabinetu-ortoptycznego\/\">\n\t\tProjekt gabinetu ortoptycznego\t<\/a>\n<\/p>\n\t\t\t<p itemprop=\"dateCreated\" class=\"qodef-e-info-date entry-date published\">cze 2022<\/p>\n\t\t<\/div>\n\t<\/div>\n<\/article>\n<article class=\"qodef-e qodef-grid-item qodef-item--full post-8136 portfolio-item type-portfolio-item status-publish has-post-thumbnail hentry portfolio-category-wnetrza portfolio-tag-optyk portfolio-tag-przestrzen-biurowa portfolio-tag-salon portfolio-tag-warszawa\">\n\t<div class=\"qodef-e-inner\" >\n\t\t<div class=\"qodef-e-image\">\n\t\t\t\t<div class=\"qodef-e-media-image\">\n\t\t<a itemprop=\"url\" href=\"https:\/\/aleksandrakula.pl\/index.php\/portfolio-item\/projekt-biura-w-salonie-optycznym\/\">\n\t\t\t<img loading=\"lazy\" decoding=\"async\" width=\"1500\" height=\"1000\" src=\"https:\/\/aleksandrakula.pl\/wp-content\/uploads\/2022\/04\/Projekt-biura-w-salonie-optycznym-projekt_03_str_01.jpg\" class=\"attachment-full size-full wp-post-image\" alt=\"Projekt biura w salonie optycznym\" srcset=\"https:\/\/aleksandrakula.pl\/wp-content\/uploads\/2022\/04\/Projekt-biura-w-salonie-optycznym-projekt_03_str_01.jpg 1500w, https:\/\/aleksandrakula.pl\/wp-content\/uploads\/2022\/04\/Projekt-biura-w-salonie-optycznym-projekt_03_str_01-300x200.jpg 300w, https:\/\/aleksandrakula.pl\/wp-content\/uploads\/2022\/04\/Projekt-biura-w-salonie-optycznym-projekt_03_str_01-1024x683.jpg 1024w, https:\/\/aleksandrakula.pl\/wp-content\/uploads\/2022\/04\/Projekt-biura-w-salonie-optycznym-projekt_03_str_01-768x512.jpg 768w, https:\/\/aleksandrakula.pl\/wp-content\/uploads\/2022\/04\/Projekt-biura-w-salonie-optycznym-projekt_03_str_01-600x400.jpg 600w\" sizes=\"(max-width: 1500px) 100vw, 1500px\" \/>\t\t<\/a>\n\t<\/div>\n\t\t<\/div>\n\t\t<div class=\"qodef-e-content\" >\n            <p itemprop=\"name\" class=\"qodef-e-title entry-title\" >\n\t<a itemprop=\"url\" class=\"qodef-e-title-link\" href=\"https:\/\/aleksandrakula.pl\/index.php\/portfolio-item\/projekt-biura-w-salonie-optycznym\/\">\n\t\tProjekt biura w salonie optycznym\t<\/a>\n<\/p>\n\t\t\t<p itemprop=\"dateCreated\" class=\"qodef-e-info-date entry-date published\">cze 2022<\/p>\n\t\t<\/div>\n\t<\/div>\n<\/article>\n<article class=\"qodef-e qodef-grid-item qodef-item--full post-8132 portfolio-item type-portfolio-item status-publish has-post-thumbnail hentry portfolio-category-wnetrza portfolio-tag-optyk portfolio-tag-przestrzen-publiczna portfolio-tag-salon portfolio-tag-warszawa\">\n\t<div class=\"qodef-e-inner\" >\n\t\t<div class=\"qodef-e-image\">\n\t\t\t\t<div class=\"qodef-e-media-image\">\n\t\t<a itemprop=\"url\" href=\"https:\/\/aleksandrakula.pl\/index.php\/portfolio-item\/projekt-salonu-optycznego\/\">\n\t\t\t<img loading=\"lazy\" decoding=\"async\" width=\"1500\" height=\"1000\" src=\"https:\/\/aleksandrakula.pl\/wp-content\/uploads\/2022\/06\/Projekt-salonu-optycznego-projekt_01_str_01.jpg\" class=\"attachment-full size-full wp-post-image\" alt=\"Projekt salonu optycznego &quot;Optyk Warszawski&quot;\" srcset=\"https:\/\/aleksandrakula.pl\/wp-content\/uploads\/2022\/06\/Projekt-salonu-optycznego-projekt_01_str_01.jpg 1500w, https:\/\/aleksandrakula.pl\/wp-content\/uploads\/2022\/06\/Projekt-salonu-optycznego-projekt_01_str_01-300x200.jpg 300w, https:\/\/aleksandrakula.pl\/wp-content\/uploads\/2022\/06\/Projekt-salonu-optycznego-projekt_01_str_01-1024x683.jpg 1024w, https:\/\/aleksandrakula.pl\/wp-content\/uploads\/2022\/06\/Projekt-salonu-optycznego-projekt_01_str_01-768x512.jpg 768w, https:\/\/aleksandrakula.pl\/wp-content\/uploads\/2022\/06\/Projekt-salonu-optycznego-projekt_01_str_01-600x400.jpg 600w\" sizes=\"(max-width: 1500px) 100vw, 1500px\" \/>\t\t<\/a>\n\t<\/div>\n\t\t<\/div>\n\t\t<div class=\"qodef-e-content\" >\n            <p itemprop=\"name\" class=\"qodef-e-title entry-title\" >\n\t<a itemprop=\"url\" class=\"qodef-e-title-link\" href=\"https:\/\/aleksandrakula.pl\/index.php\/portfolio-item\/projekt-salonu-optycznego\/\">\n\t\tProjekt salonu optycznego &#8222;Optyk warszawski&#8221;\t<\/a>\n<\/p>\n\t\t\t<p itemprop=\"dateCreated\" class=\"qodef-e-info-date entry-date published\">cze 2022<\/p>\n\t\t<\/div>\n\t<\/div>\n<\/article>\n\t<\/div>\n\t<\/div>\n\t\t\t\t<\/div>\n\t\t\t\t<\/div>\n\t\t\t\t\t<\/div>\n\t\t<\/div>\n\t\t\t\t\t<\/div>\n\t\t<\/section>\n\t\t\t\t<section class=\"elementor-section elementor-top-section elementor-element elementor-element-8d061f3 elementor-section-boxed elementor-section-height-default elementor-section-height-default qodef-elementor-content-no\" data-id=\"8d061f3\" data-element_type=\"section\">\n\t\t\t\t\t\t<div class=\"elementor-container elementor-column-gap-default\">\n\t\t\t\t\t<div class=\"elementor-column elementor-col-100 elementor-top-column elementor-element elementor-element-1efa4d1\" data-id=\"1efa4d1\" data-element_type=\"column\">\n\t\t\t<div class=\"elementor-widget-wrap elementor-element-populated\">\n\t\t\t\t\t\t<div class=\"elementor-element elementor-element-f618b2f elementor-widget elementor-widget-spacer\" data-id=\"f618b2f\" data-element_type=\"widget\" data-widget_type=\"spacer.default\">\n\t\t\t\t<div class=\"elementor-widget-container\">\n\t\t\t\t\t\t\t<div class=\"elementor-spacer\">\n\t\t\t<div class=\"elementor-spacer-inner\"><\/div>\n\t\t<\/div>\n\t\t\t\t\t\t<\/div>\n\t\t\t\t<\/div>\n\t\t\t\t\t<\/div>\n\t\t<\/div>\n\t\t\t\t\t<\/div>\n\t\t<\/section>\n\t\t\t\t<\/div>\n\t\t","protected":false},"excerpt":{"rendered":"<p>Aleksandra Kula-Le\u015bniak Absolwentka Akademii Sztuk Pieknych na wydziale wzornictwa i projektowania wn\u0119trz. Do\u015bwiadczenie zawodowe zdobywa\u0142am jako projektant ju\u017c na studiach, a nast\u0119pnie dla wiod\u0105cego producenta ceramiki i mebli \u0142azienkowych na stanowisku designer. Projekty Aleksandry Kuli-Le\u015bniak Poznaj moje projekty Projekt gabinetu ortoptyczny cze 2022 Projekt salonu optycznego &#8222;Optyk warszawski&#8221; cze 2022 Projekt pokoju dzieci\u0119cego kw. 2022<\/p>\n","protected":false},"author":1,"featured_media":0,"parent":0,"menu_order":0,"comment_status":"closed","ping_status":"closed","template":"page-full-width.php","meta":{"footnotes":""},"class_list":["post-2245","page","type-page","status-publish","hentry"],"_links":{"self":[{"href":"https:\/\/aleksandrakula.pl\/index.php\/wp-json\/wp\/v2\/pages\/2245","targetHints":{"allow":["GET"]}}],"collection":[{"href":"https:\/\/aleksandrakula.pl\/index.php\/wp-json\/wp\/v2\/pages"}],"about":[{"href":"https:\/\/aleksandrakula.pl\/index.php\/wp-json\/wp\/v2\/types\/page"}],"author":[{"embeddable":true,"href":"https:\/\/aleksandrakula.pl\/index.php\/wp-json\/wp\/v2\/users\/1"}],"replies":[{"embeddable":true,"href":"https:\/\/aleksandrakula.pl\/index.php\/wp-json\/wp\/v2\/comments?post=2245"}],"version-history":[{"count":34,"href":"https:\/\/aleksandrakula.pl\/index.php\/wp-json\/wp\/v2\/pages\/2245\/revisions"}],"predecessor-version":[{"id":8238,"href":"https:\/\/aleksandrakula.pl\/index.php\/wp-json\/wp\/v2\/pages\/2245\/revisions\/8238"}],"wp:attachment":[{"href":"https:\/\/aleksandrakula.pl\/index.php\/wp-json\/wp\/v2\/media?parent=2245"}],"curies":[{"name":"wp","href":"https:\/\/api.w.org\/{rel}","templated":true}]}}