{"id":3357,"date":"2021-01-05T10:52:00","date_gmt":"2021-01-05T10:52:00","guid":{"rendered":"https:\/\/emaurri.qodeinteractive.com\/?page_id=3357"},"modified":"2022-11-24T19:48:49","modified_gmt":"2022-11-24T19:48:49","slug":"oferta","status":"publish","type":"page","link":"https:\/\/aleksandrakula.pl\/index.php\/oferta\/","title":{"rendered":"Oferta"},"content":{"rendered":"\t\t<div data-elementor-type=\"wp-page\" data-elementor-id=\"3357\" class=\"elementor elementor-3357\">\n\t\t\t\t\t\t<section class=\"elementor-section elementor-top-section elementor-element elementor-element-a5766ce elementor-section-boxed elementor-section-height-default elementor-section-height-default qodef-elementor-content-no\" data-id=\"a5766ce\" data-element_type=\"section\">\n\t\t\t\t\t\t<div class=\"elementor-container elementor-column-gap-default\">\n\t\t\t\t\t<div class=\"elementor-column elementor-col-100 elementor-top-column elementor-element elementor-element-71be04a\" data-id=\"71be04a\" data-element_type=\"column\">\n\t\t\t<div class=\"elementor-widget-wrap elementor-element-populated\">\n\t\t\t\t\t\t<div class=\"elementor-element elementor-element-81ce30a elementor-widget elementor-widget-menu-anchor\" data-id=\"81ce30a\" data-element_type=\"widget\" data-widget_type=\"menu-anchor.default\">\n\t\t\t\t<div class=\"elementor-widget-container\">\n\t\t\t\t\t\t\t<div class=\"elementor-menu-anchor\" id=\"wnetrza\"><\/div>\n\t\t\t\t\t\t<\/div>\n\t\t\t\t<\/div>\n\t\t\t\t\t<\/div>\n\t\t<\/div>\n\t\t\t\t\t<\/div>\n\t\t<\/section>\n\t\t\t\t<section class=\"elementor-section elementor-top-section elementor-element elementor-element-03a0cd1 elementor-section-boxed elementor-section-height-default elementor-section-height-default qodef-elementor-content-no\" data-id=\"03a0cd1\" data-element_type=\"section\">\n\t\t\t\t\t\t<div class=\"elementor-container elementor-column-gap-default\">\n\t\t\t\t\t<div class=\"elementor-column elementor-col-100 elementor-top-column elementor-element elementor-element-f43d80e\" data-id=\"f43d80e\" data-element_type=\"column\">\n\t\t\t<div class=\"elementor-widget-wrap elementor-element-populated\">\n\t\t\t\t\t\t<div class=\"elementor-element elementor-element-39df2b7 elementor-widget elementor-widget-qi_addons_for_elementor_section_title\" data-id=\"39df2b7\" data-element_type=\"widget\" data-widget_type=\"qi_addons_for_elementor_section_title.default\">\n\t\t\t\t<div class=\"elementor-widget-container\">\n\t\t\t\t\t<div class=\"qodef-shortcode qodef-m qodef-qi-section-title qodef-decoration--italic qodef-link--underline-draw qodef-subtitle-icon--left\">\n\t\t\t\t\t\t<h4 class=\"qodef-m-title\">\n\t\tAleksandra Kula Projektowanie Wn\u0119trz oferuje profesjonalne us\u0142ugi w zakresie projektowania wn\u0119trz prywatnych oraz komercyjnych.\t<\/h4>\n\t\t\t<div class=\"qodef-m-text\"><div>Specjalizuj\u0119 si\u0119 w kompleksowej aran\u017cacji wn\u0119trz dopasowanych dok\u0142adnie do potrzeb klienta. Wychodz\u0119 naprzeciw najbardziej skomplikowanym wymaganiom. W trakcie realizacji projektu prowadz\u0119 konsultacje, a tak\u017ce odbi\u00f3r prac wykonawc\u00f3w oraz oferuj\u0119 swoje doradztwo w trakcie zakup\u00f3w. Dbam o to, aby projekty by\u0142y doskona\u0142ym, indywidualnym, estetycznym t\u0142em dla swoich u\u017cytkownik\u00f3w. Staram si\u0119, by ich pi\u0119kno, funkcjonalno\u015b\u0107 i ergonomia idealnie si\u0119 uzupe\u0142nia\u0142y. Zawsze stawiam na zaanga\u017cowanie oraz precyzj\u0119. Dodatkowo \u0142\u0105cz\u0119 swoj\u0105 us\u0142ug\u0119 z projektowaniem mebli autorskich.\u00a0<\/div><div>Zapraszam do kontaktu!<\/div><\/div>\n\t<\/div>\n\t\t\t\t<\/div>\n\t\t\t\t<\/div>\n\t\t\t\t\t<\/div>\n\t\t<\/div>\n\t\t\t\t\t<\/div>\n\t\t<\/section>\n\t\t\t\t<section class=\"elementor-section elementor-top-section elementor-element elementor-element-5f320d0 elementor-section-boxed elementor-section-height-default elementor-section-height-default qodef-elementor-content-no\" data-id=\"5f320d0\" data-element_type=\"section\">\n\t\t\t\t\t\t<div class=\"elementor-container elementor-column-gap-default\">\n\t\t\t\t\t<div class=\"elementor-column elementor-col-100 elementor-top-column elementor-element elementor-element-cfe114a\" data-id=\"cfe114a\" data-element_type=\"column\">\n\t\t\t<div class=\"elementor-widget-wrap elementor-element-populated\">\n\t\t\t\t\t\t<div class=\"elementor-element elementor-element-4b39b2f elementor-widget elementor-widget-menu-anchor\" data-id=\"4b39b2f\" data-element_type=\"widget\" data-widget_type=\"menu-anchor.default\">\n\t\t\t\t<div class=\"elementor-widget-container\">\n\t\t\t\t\t\t\t<div class=\"elementor-menu-anchor\" id=\"wnetrza\"><\/div>\n\t\t\t\t\t\t<\/div>\n\t\t\t\t<\/div>\n\t\t\t\t\t<\/div>\n\t\t<\/div>\n\t\t\t\t\t<\/div>\n\t\t<\/section>\n\t\t\t\t<section class=\"elementor-section elementor-top-section elementor-element elementor-element-cbd2d3f elementor-section-full_width elementor-section-content-middle qodef-elementor-content-grid elementor-section-height-default elementor-section-height-default\" data-id=\"cbd2d3f\" data-element_type=\"section\">\n\t\t\t\t\t\t<div class=\"elementor-container elementor-column-gap-default\">\n\t\t\t\t\t<div class=\"elementor-column elementor-col-50 elementor-top-column elementor-element elementor-element-0deacef\" data-id=\"0deacef\" data-element_type=\"column\">\n\t\t\t<div class=\"elementor-widget-wrap elementor-element-populated\">\n\t\t\t\t\t\t<div class=\"elementor-element elementor-element-eba4574 elementor-widget elementor-widget-emaurri_core_single_image\" data-id=\"eba4574\" data-element_type=\"widget\" data-widget_type=\"emaurri_core_single_image.default\">\n\t\t\t\t<div class=\"elementor-widget-container\">\n\t\t\t\t\t<div class=\"qodef-shortcode qodef-m  qodef-single-image qodef-layout--default \">\n\t<div class=\"qodef-m-image\">\n\t\t\t<img fetchpriority=\"high\" decoding=\"async\" width=\"1500\" height=\"1000\" src=\"https:\/\/aleksandrakula.pl\/wp-content\/uploads\/2022\/09\/projekt_wnetrza.jpg\" class=\"attachment-full size-full\" alt=\"Projekt wn\u0119trza\" srcset=\"https:\/\/aleksandrakula.pl\/wp-content\/uploads\/2022\/09\/projekt_wnetrza.jpg 1500w, https:\/\/aleksandrakula.pl\/wp-content\/uploads\/2022\/09\/projekt_wnetrza-300x200.jpg 300w, https:\/\/aleksandrakula.pl\/wp-content\/uploads\/2022\/09\/projekt_wnetrza-1024x683.jpg 1024w, https:\/\/aleksandrakula.pl\/wp-content\/uploads\/2022\/09\/projekt_wnetrza-768x512.jpg 768w\" sizes=\"(max-width: 1500px) 100vw, 1500px\" \/>\t<\/div>\n<\/div>\n\t\t\t\t<\/div>\n\t\t\t\t<\/div>\n\t\t\t\t\t<\/div>\n\t\t<\/div>\n\t\t\t\t<div class=\"elementor-column elementor-col-50 elementor-top-column elementor-element elementor-element-840a5c8\" data-id=\"840a5c8\" data-element_type=\"column\">\n\t\t\t<div class=\"elementor-widget-wrap elementor-element-populated\">\n\t\t\t\t\t\t<div class=\"elementor-element elementor-element-9841c9d elementor-widget__width-initial elementor-widget elementor-widget-emaurri_core_section_title\" data-id=\"9841c9d\" data-element_type=\"widget\" data-widget_type=\"emaurri_core_section_title.default\">\n\t\t\t\t<div class=\"elementor-widget-container\">\n\t\t\t\t\t<div class=\"qodef-shortcode qodef-m  qodef-section-title qodef-alignment--left \">\n\t\t\t<h2 class=\"qodef-m-title\" >\n\t\t\t\t\tProjekt wn\u0119trza\t\t\t<\/h2>\n\t\t<p class=\"qodef-m-text\" style=\"font-size: 20px\">Projekt zawiera spotkania, inwentaryzacj\u0119, opracowanie koncepcji, rzuty wn\u0119trza na rysunkach technicznych, wizualizacje, a po akceptacji ksi\u0119g\u0119 projektu wraz z list\u0105 zakup\u00f3w i specyfikacj\u0105 materia\u0142ow\u0105. <\/p>\n<\/div>\n\t\t\t\t<\/div>\n\t\t\t\t<\/div>\n\t\t\t\t<div class=\"elementor-element elementor-element-0b39ab0 elementor-widget elementor-widget-spacer\" data-id=\"0b39ab0\" data-element_type=\"widget\" data-widget_type=\"spacer.default\">\n\t\t\t\t<div class=\"elementor-widget-container\">\n\t\t\t\t\t\t\t<div class=\"elementor-spacer\">\n\t\t\t<div class=\"elementor-spacer-inner\"><\/div>\n\t\t<\/div>\n\t\t\t\t\t\t<\/div>\n\t\t\t\t<\/div>\n\t\t\t\t\t<\/div>\n\t\t<\/div>\n\t\t\t\t\t<\/div>\n\t\t<\/section>\n\t\t\t\t<section class=\"elementor-section elementor-top-section elementor-element elementor-element-75635bf elementor-section-boxed elementor-section-height-default elementor-section-height-default qodef-elementor-content-no\" data-id=\"75635bf\" data-element_type=\"section\">\n\t\t\t\t\t\t<div class=\"elementor-container elementor-column-gap-default\">\n\t\t\t\t\t<div class=\"elementor-column elementor-col-100 elementor-top-column elementor-element elementor-element-6a42115\" data-id=\"6a42115\" data-element_type=\"column\">\n\t\t\t<div class=\"elementor-widget-wrap elementor-element-populated\">\n\t\t\t\t\t\t<div class=\"elementor-element elementor-element-adbdc13 elementor-widget elementor-widget-menu-anchor\" data-id=\"adbdc13\" data-element_type=\"widget\" data-widget_type=\"menu-anchor.default\">\n\t\t\t\t<div class=\"elementor-widget-container\">\n\t\t\t\t\t\t\t<div class=\"elementor-menu-anchor\" id=\"online\"><\/div>\n\t\t\t\t\t\t<\/div>\n\t\t\t\t<\/div>\n\t\t\t\t\t<\/div>\n\t\t<\/div>\n\t\t\t\t\t<\/div>\n\t\t<\/section>\n\t\t\t\t<section class=\"elementor-section elementor-top-section elementor-element elementor-element-38a420b elementor-section-full_width elementor-section-content-middle qodef-elementor-content-grid elementor-section-height-default elementor-section-height-default\" data-id=\"38a420b\" data-element_type=\"section\">\n\t\t\t\t\t\t<div class=\"elementor-container elementor-column-gap-default\">\n\t\t\t\t\t<div class=\"elementor-column elementor-col-50 elementor-top-column elementor-element elementor-element-7adec80\" data-id=\"7adec80\" data-element_type=\"column\">\n\t\t\t<div class=\"elementor-widget-wrap elementor-element-populated\">\n\t\t\t\t\t\t<div class=\"elementor-element elementor-element-193cb0b elementor-widget elementor-widget-emaurri_core_single_image\" data-id=\"193cb0b\" data-element_type=\"widget\" data-widget_type=\"emaurri_core_single_image.default\">\n\t\t\t\t<div class=\"elementor-widget-container\">\n\t\t\t\t\t<div class=\"qodef-shortcode qodef-m  qodef-single-image qodef-layout--default \">\n\t<div class=\"qodef-m-image\">\n\t\t\t<img decoding=\"async\" width=\"1500\" height=\"1000\" src=\"https:\/\/aleksandrakula.pl\/wp-content\/uploads\/2022\/09\/projekt_on_line.jpg\" class=\"attachment-full size-full\" alt=\"Projekt wn\u0119trza on-line\" srcset=\"https:\/\/aleksandrakula.pl\/wp-content\/uploads\/2022\/09\/projekt_on_line.jpg 1500w, https:\/\/aleksandrakula.pl\/wp-content\/uploads\/2022\/09\/projekt_on_line-300x200.jpg 300w, https:\/\/aleksandrakula.pl\/wp-content\/uploads\/2022\/09\/projekt_on_line-1024x683.jpg 1024w, https:\/\/aleksandrakula.pl\/wp-content\/uploads\/2022\/09\/projekt_on_line-768x512.jpg 768w\" sizes=\"(max-width: 1500px) 100vw, 1500px\" \/>\t<\/div>\n<\/div>\n\t\t\t\t<\/div>\n\t\t\t\t<\/div>\n\t\t\t\t\t<\/div>\n\t\t<\/div>\n\t\t\t\t<div class=\"elementor-column elementor-col-50 elementor-top-column elementor-element elementor-element-0de4bed\" data-id=\"0de4bed\" data-element_type=\"column\">\n\t\t\t<div class=\"elementor-widget-wrap elementor-element-populated\">\n\t\t\t\t\t\t<div class=\"elementor-element elementor-element-19805c1 elementor-widget__width-initial elementor-widget elementor-widget-emaurri_core_section_title\" data-id=\"19805c1\" data-element_type=\"widget\" data-widget_type=\"emaurri_core_section_title.default\">\n\t\t\t\t<div class=\"elementor-widget-container\">\n\t\t\t\t\t<div class=\"qodef-shortcode qodef-m  qodef-section-title qodef-alignment--left \">\n\t\t\t<h2 class=\"qodef-m-title\" >\n\t\t\t\t\tProjekt wn\u0119trza on-line\t\t\t<\/h2>\n\t\t<p class=\"qodef-m-text\" style=\"font-size: 20px\">Proces projektowania przeprowadzony on-line w ca\u0142o\u015bci lub wybrane jego etapy. Projekt w kolejnych krokach zawiera - zapoznanie si\u0119 poprzez wideokonferencj\u0119, inwentaryzacj\u0119 na miejscu lub rysunki od inwestora, koncepcj\u0119, rysunki techniczne, wizualizacje, specyfikacj\u0119 materia\u0142ow\u0105 i produktow\u0105. <\/p>\n<\/div>\n\t\t\t\t<\/div>\n\t\t\t\t<\/div>\n\t\t\t\t<div class=\"elementor-element elementor-element-3fa8f05 elementor-widget elementor-widget-spacer\" data-id=\"3fa8f05\" data-element_type=\"widget\" data-widget_type=\"spacer.default\">\n\t\t\t\t<div class=\"elementor-widget-container\">\n\t\t\t\t\t\t\t<div class=\"elementor-spacer\">\n\t\t\t<div class=\"elementor-spacer-inner\"><\/div>\n\t\t<\/div>\n\t\t\t\t\t\t<\/div>\n\t\t\t\t<\/div>\n\t\t\t\t\t<\/div>\n\t\t<\/div>\n\t\t\t\t\t<\/div>\n\t\t<\/section>\n\t\t\t\t<section class=\"elementor-section elementor-top-section elementor-element elementor-element-58ea0b9 elementor-section-boxed elementor-section-height-default elementor-section-height-default qodef-elementor-content-no\" data-id=\"58ea0b9\" data-element_type=\"section\">\n\t\t\t\t\t\t<div class=\"elementor-container elementor-column-gap-default\">\n\t\t\t\t\t<div class=\"elementor-column elementor-col-100 elementor-top-column elementor-element elementor-element-1597ee4\" data-id=\"1597ee4\" data-element_type=\"column\">\n\t\t\t<div class=\"elementor-widget-wrap elementor-element-populated\">\n\t\t\t\t\t\t<div class=\"elementor-element elementor-element-c2758df elementor-widget elementor-widget-menu-anchor\" data-id=\"c2758df\" data-element_type=\"widget\" data-widget_type=\"menu-anchor.default\">\n\t\t\t\t<div class=\"elementor-widget-container\">\n\t\t\t\t\t\t\t<div class=\"elementor-menu-anchor\" id=\"nadzor\"><\/div>\n\t\t\t\t\t\t<\/div>\n\t\t\t\t<\/div>\n\t\t\t\t\t<\/div>\n\t\t<\/div>\n\t\t\t\t\t<\/div>\n\t\t<\/section>\n\t\t\t\t<section class=\"elementor-section elementor-top-section elementor-element elementor-element-2af7313 elementor-section-full_width elementor-section-content-middle qodef-elementor-content-grid elementor-section-height-default elementor-section-height-default\" data-id=\"2af7313\" data-element_type=\"section\">\n\t\t\t\t\t\t<div class=\"elementor-container elementor-column-gap-default\">\n\t\t\t\t\t<div class=\"elementor-column elementor-col-50 elementor-top-column elementor-element elementor-element-e111abd\" data-id=\"e111abd\" data-element_type=\"column\">\n\t\t\t<div class=\"elementor-widget-wrap elementor-element-populated\">\n\t\t\t\t\t\t<div class=\"elementor-element elementor-element-1640e1b elementor-widget elementor-widget-emaurri_core_single_image\" data-id=\"1640e1b\" data-element_type=\"widget\" data-widget_type=\"emaurri_core_single_image.default\">\n\t\t\t\t<div class=\"elementor-widget-container\">\n\t\t\t\t\t<div class=\"qodef-shortcode qodef-m  qodef-single-image qodef-layout--default \">\n\t<div class=\"qodef-m-image\">\n\t\t\t<img decoding=\"async\" width=\"1500\" height=\"1000\" src=\"https:\/\/aleksandrakula.pl\/wp-content\/uploads\/2022\/09\/projekt_wnetrza_nadzor.jpg\" class=\"attachment-full size-full\" alt=\"Projekt wn\u0119trza + nadz\u00f3r autorski\" srcset=\"https:\/\/aleksandrakula.pl\/wp-content\/uploads\/2022\/09\/projekt_wnetrza_nadzor.jpg 1500w, https:\/\/aleksandrakula.pl\/wp-content\/uploads\/2022\/09\/projekt_wnetrza_nadzor-300x200.jpg 300w, https:\/\/aleksandrakula.pl\/wp-content\/uploads\/2022\/09\/projekt_wnetrza_nadzor-1024x683.jpg 1024w, https:\/\/aleksandrakula.pl\/wp-content\/uploads\/2022\/09\/projekt_wnetrza_nadzor-768x512.jpg 768w\" sizes=\"(max-width: 1500px) 100vw, 1500px\" \/>\t<\/div>\n<\/div>\n\t\t\t\t<\/div>\n\t\t\t\t<\/div>\n\t\t\t\t\t<\/div>\n\t\t<\/div>\n\t\t\t\t<div class=\"elementor-column elementor-col-50 elementor-top-column elementor-element elementor-element-f41bdc0\" data-id=\"f41bdc0\" data-element_type=\"column\">\n\t\t\t<div class=\"elementor-widget-wrap elementor-element-populated\">\n\t\t\t\t\t\t<div class=\"elementor-element elementor-element-72846f2 elementor-widget__width-initial elementor-widget elementor-widget-emaurri_core_section_title\" data-id=\"72846f2\" data-element_type=\"widget\" data-widget_type=\"emaurri_core_section_title.default\">\n\t\t\t\t<div class=\"elementor-widget-container\">\n\t\t\t\t\t<div class=\"qodef-shortcode qodef-m  qodef-section-title qodef-alignment--left \">\n\t\t\t<h2 class=\"qodef-m-title\" >\n\t\t\t\t\tProjekt wn\u0119trza + nadz\u00f3r autorski\t\t\t<\/h2>\n\t\t<p class=\"qodef-m-text\" style=\"font-size: 20px\">Projekt wn\u0119trza kt\u00f3ry prowadzony jest jak realizacja standardowego projektu ale wraz ze wsp\u00f3lnymi wizytami w sklepie u\u0142atwiaj\u0105ce podj\u0119cie trudnych decyzji jak r\u00f3wnie\u017c pozostawanie w kontakcie w trakcie trwania realizacji z inwestorami i ekip\u0105 wykonawcz\u0105.  <\/p>\n<\/div>\n\t\t\t\t<\/div>\n\t\t\t\t<\/div>\n\t\t\t\t<div class=\"elementor-element elementor-element-e77caec elementor-widget elementor-widget-spacer\" data-id=\"e77caec\" data-element_type=\"widget\" data-widget_type=\"spacer.default\">\n\t\t\t\t<div class=\"elementor-widget-container\">\n\t\t\t\t\t\t\t<div class=\"elementor-spacer\">\n\t\t\t<div class=\"elementor-spacer-inner\"><\/div>\n\t\t<\/div>\n\t\t\t\t\t\t<\/div>\n\t\t\t\t<\/div>\n\t\t\t\t\t<\/div>\n\t\t<\/div>\n\t\t\t\t\t<\/div>\n\t\t<\/section>\n\t\t\t\t<section class=\"elementor-section elementor-top-section elementor-element elementor-element-ab608c0 elementor-section-boxed elementor-section-height-default elementor-section-height-default qodef-elementor-content-no\" data-id=\"ab608c0\" data-element_type=\"section\">\n\t\t\t\t\t\t<div class=\"elementor-container elementor-column-gap-default\">\n\t\t\t\t\t<div class=\"elementor-column elementor-col-100 elementor-top-column elementor-element elementor-element-f00ceca\" data-id=\"f00ceca\" data-element_type=\"column\">\n\t\t\t<div class=\"elementor-widget-wrap elementor-element-populated\">\n\t\t\t\t\t\t<div class=\"elementor-element elementor-element-6a35d56 elementor-widget elementor-widget-menu-anchor\" data-id=\"6a35d56\" data-element_type=\"widget\" data-widget_type=\"menu-anchor.default\">\n\t\t\t\t<div class=\"elementor-widget-container\">\n\t\t\t\t\t\t\t<div class=\"elementor-menu-anchor\" id=\"mebel\"><\/div>\n\t\t\t\t\t\t<\/div>\n\t\t\t\t<\/div>\n\t\t\t\t\t<\/div>\n\t\t<\/div>\n\t\t\t\t\t<\/div>\n\t\t<\/section>\n\t\t\t\t<section class=\"elementor-section elementor-top-section elementor-element elementor-element-86b5d2f elementor-section-full_width elementor-section-content-middle qodef-elementor-content-grid elementor-section-height-default elementor-section-height-default\" data-id=\"86b5d2f\" data-element_type=\"section\">\n\t\t\t\t\t\t<div class=\"elementor-container elementor-column-gap-default\">\n\t\t\t\t\t<div class=\"elementor-column elementor-col-50 elementor-top-column elementor-element elementor-element-af103e1\" data-id=\"af103e1\" data-element_type=\"column\">\n\t\t\t<div class=\"elementor-widget-wrap elementor-element-populated\">\n\t\t\t\t\t\t<div class=\"elementor-element elementor-element-f8541e7 elementor-widget elementor-widget-emaurri_core_single_image\" data-id=\"f8541e7\" data-element_type=\"widget\" data-widget_type=\"emaurri_core_single_image.default\">\n\t\t\t\t<div class=\"elementor-widget-container\">\n\t\t\t\t\t<div class=\"qodef-shortcode qodef-m  qodef-single-image qodef-layout--default \">\n\t<div class=\"qodef-m-image\">\n\t\t\t<img loading=\"lazy\" decoding=\"async\" width=\"1500\" height=\"1000\" src=\"https:\/\/aleksandrakula.pl\/wp-content\/uploads\/2022\/09\/autorski_projekt_mebla.jpg\" class=\"attachment-full size-full\" alt=\"Autorski projekt mebla\" srcset=\"https:\/\/aleksandrakula.pl\/wp-content\/uploads\/2022\/09\/autorski_projekt_mebla.jpg 1500w, https:\/\/aleksandrakula.pl\/wp-content\/uploads\/2022\/09\/autorski_projekt_mebla-300x200.jpg 300w, https:\/\/aleksandrakula.pl\/wp-content\/uploads\/2022\/09\/autorski_projekt_mebla-1024x683.jpg 1024w, https:\/\/aleksandrakula.pl\/wp-content\/uploads\/2022\/09\/autorski_projekt_mebla-768x512.jpg 768w\" sizes=\"(max-width: 1500px) 100vw, 1500px\" \/>\t<\/div>\n<\/div>\n\t\t\t\t<\/div>\n\t\t\t\t<\/div>\n\t\t\t\t\t<\/div>\n\t\t<\/div>\n\t\t\t\t<div class=\"elementor-column elementor-col-50 elementor-top-column elementor-element elementor-element-ea182cd\" data-id=\"ea182cd\" data-element_type=\"column\">\n\t\t\t<div class=\"elementor-widget-wrap elementor-element-populated\">\n\t\t\t\t\t\t<div class=\"elementor-element elementor-element-28e5180 elementor-widget__width-initial elementor-widget elementor-widget-emaurri_core_section_title\" data-id=\"28e5180\" data-element_type=\"widget\" data-widget_type=\"emaurri_core_section_title.default\">\n\t\t\t\t<div class=\"elementor-widget-container\">\n\t\t\t\t\t<div class=\"qodef-shortcode qodef-m  qodef-section-title qodef-alignment--left \">\n\t\t\t<h2 class=\"qodef-m-title\" >\n\t\t\t\t\tAutorski projekt mebli\t\t\t<\/h2>\n\t\t<p class=\"qodef-m-text\" style=\"font-size: 20px\">Wyznaczenie zakresu i bud\u017cetu na wsp\u00f3lnym spotkaniu, projekty koncepcyjne, wizualizacje, rzuty rysunk\u00f3w technicznych i specyfikacj\u0119 materia\u0142ow\u0105 dla stolarza.<\/p>\n<\/div>\n\t\t\t\t<\/div>\n\t\t\t\t<\/div>\n\t\t\t\t<div class=\"elementor-element elementor-element-91fdd70 elementor-widget elementor-widget-spacer\" data-id=\"91fdd70\" data-element_type=\"widget\" data-widget_type=\"spacer.default\">\n\t\t\t\t<div class=\"elementor-widget-container\">\n\t\t\t\t\t\t\t<div class=\"elementor-spacer\">\n\t\t\t<div class=\"elementor-spacer-inner\"><\/div>\n\t\t<\/div>\n\t\t\t\t\t\t<\/div>\n\t\t\t\t<\/div>\n\t\t\t\t\t<\/div>\n\t\t<\/div>\n\t\t\t\t\t<\/div>\n\t\t<\/section>\n\t\t\t\t<\/div>\n\t\t","protected":false},"excerpt":{"rendered":"<p>Aleksandra Kula Projektowanie Wn\u0119trz oferuje profesjonalne us\u0142ugi w zakresie projektowania wn\u0119trz prywatnych oraz komercyjnych. Specjalizuj\u0119 si\u0119 w kompleksowej aran\u017cacji wn\u0119trz dopasowanych dok\u0142adnie do potrzeb klienta. Wychodz\u0119 naprzeciw najbardziej skomplikowanym wymaganiom. W trakcie realizacji projektu prowadz\u0119 konsultacje, a tak\u017ce odbi\u00f3r prac wykonawc\u00f3w oraz oferuj\u0119 swoje doradztwo w trakcie zakup\u00f3w. Dbam o to, aby projekty by\u0142y doskona\u0142ym, [&hellip;]<\/p>\n","protected":false},"author":1,"featured_media":0,"parent":0,"menu_order":0,"comment_status":"closed","ping_status":"closed","template":"page-full-width.php","meta":{"footnotes":""},"class_list":["post-3357","page","type-page","status-publish","hentry"],"_links":{"self":[{"href":"https:\/\/aleksandrakula.pl\/index.php\/wp-json\/wp\/v2\/pages\/3357","targetHints":{"allow":["GET"]}}],"collection":[{"href":"https:\/\/aleksandrakula.pl\/index.php\/wp-json\/wp\/v2\/pages"}],"about":[{"href":"https:\/\/aleksandrakula.pl\/index.php\/wp-json\/wp\/v2\/types\/page"}],"author":[{"embeddable":true,"href":"https:\/\/aleksandrakula.pl\/index.php\/wp-json\/wp\/v2\/users\/1"}],"replies":[{"embeddable":true,"href":"https:\/\/aleksandrakula.pl\/index.php\/wp-json\/wp\/v2\/comments?post=3357"}],"version-history":[{"count":45,"href":"https:\/\/aleksandrakula.pl\/index.php\/wp-json\/wp\/v2\/pages\/3357\/revisions"}],"predecessor-version":[{"id":8353,"href":"https:\/\/aleksandrakula.pl\/index.php\/wp-json\/wp\/v2\/pages\/3357\/revisions\/8353"}],"wp:attachment":[{"href":"https:\/\/aleksandrakula.pl\/index.php\/wp-json\/wp\/v2\/media?parent=3357"}],"curies":[{"name":"wp","href":"https:\/\/api.w.org\/{rel}","templated":true}]}}