{"id":8340,"date":"2022-09-20T20:23:41","date_gmt":"2022-09-20T20:23:41","guid":{"rendered":"https:\/\/aleksandrakula.pl\/?page_id=8340"},"modified":"2022-09-20T21:49:07","modified_gmt":"2022-09-20T21:49:07","slug":"polityka-prywatnosci-serwisu-www-aleksandrakula-pl-serwis","status":"publish","type":"page","link":"https:\/\/aleksandrakula.pl\/index.php\/polityka-prywatnosci-serwisu-www-aleksandrakula-pl-serwis\/","title":{"rendered":"Polityka prywatno\u015bci serwisu www.aleksandrakula.pl (\u201eSerwis\u201d)"},"content":{"rendered":"\n<h2 class=\"wp-block-heading\">Polityka prywatno\u015bci serwisu www.aleksandrakula.pl (\u201eSerwis\u201d)<\/h2>\n\n\n\n<p>Drogi U\u017cytkowniku!<\/p>\n\n\n\n<p>Dbamy o Twoj\u0105 prywatno\u015b\u0107 i chcemy, aby\u015b w czasie korzystania z naszych us\u0142ug czu\u0142 si\u0119 komfortowo. Dlatego te\u017c poni\u017cej prezentujemy Ci najwa\u017cniejsze informacje o zasadach przetwarzania przez nas Twoich danych osobowych oraz plikach cookies, kt\u00f3re s\u0105 wykorzystywane przez nasz Serwis. Informacje te zosta\u0142y przygotowane z uwzgl\u0119dnieniem RODO, czyli og\u00f3lnego rozporz\u0105dzenia o ochronie danych.<\/p>\n\n\n\n<p><strong>ADMINISTRATOR DANYCH OSOBOWYCH<\/strong><\/p>\n\n\n\n<p>Projektowanie Wn\u0119trz Aleksandra Kula-Le\u015bniak z siedzib\u0105 pod adresem ul. Bielska 43\/7, 45-401 Opole, NIP 5761551118, nr REGON 521751361.<\/p>\n\n\n\n<p>Je\u015bli chcesz skontaktowa\u0107 si\u0119 z nami w zwi\u0105zku z przetwarzaniem przez nas Twoich danych osobowych, napisz do nas na adres e-mail: <a href=\"mailto:kontakt@aleksandrakula.pl\">kontakt@aleksandrakula.pl<\/a><\/p>\n\n\n\n<p><strong>TWOJE UPRAWNIENIA<\/strong><\/p>\n\n\n\n<p>Przys\u0142uguje Ci prawo \u017c\u0105dania:<\/p>\n\n\n\n<ul class=\"wp-block-list\"><li>dost\u0119pu do Twoich danych osobowych (art. 15 RODO),<\/li><li>ich sprostowania (art. 16 RODO),<\/li><li>usuni\u0119cia (art. 17 RODO),<\/li><li>ograniczenia przetwarzania (art. 18 RODO),<\/li><li>przeniesienia danych do innego administratora (art. 20 RODO).<\/li><\/ul>\n\n\n\n<p>A tak\u017ce prawo:<\/p>\n\n\n\n<p>wniesienia w dowolnym momencie sprzeciwu wobec przetwarzania Twoich danych:<\/p>\n\n\n\n<p>z przyczyn zwi\u0105zanych z Twoj\u0105 szczeg\u00f3ln\u0105 sytuacj\u0105 \u2013 wobec przetwarzania dotycz\u0105cych Ciebie danych osobowych, opartego na art. 6 ust. 1 lit. f RODO (tj. na realizowanych przez nas prawnie uzasadnionych interesach) (art. 21 ust. 1 RODO);<\/p>\n\n\n\n<p>Skontaktuj si\u0119 z nami, je\u015bli chcesz skorzysta\u0107 ze swoich praw. Sprzeciw w odniesieniu do wykorzystywania przez nas plik\u00f3w cookies (o kt\u00f3rych przeczytasz poni\u017cej) mo\u017cesz wyrazi\u0107 zw\u0142aszcza za pomoc\u0105 odpowiednich ustawie\u0144 przegl\u0105darki.<\/p>\n\n\n\n<p>Je\u015bli uznasz, \u017ce Twoje dane s\u0105 przetwarzane niezgodnie z prawem, mo\u017cesz z\u0142o\u017cy\u0107 skarg\u0119 do Prezesa Urz\u0119du Ochrony Danych Osobowych.<\/p>\n\n\n\n<p><strong>DANE OSOBOWE I PRYWATNO\u015a\u0106<\/strong><\/p>\n\n\n\n<p>Poni\u017cej znajdziesz szczeg\u00f3\u0142owe informacje na temat przetwarzania Twoich danych w zale\u017cno\u015bci od podejmowanych przez Ciebie dzia\u0142a\u0144.<\/p>\n\n\n\n<p><strong>1. Skorzystanie z bezp\u0142atnych us\u0142ug oferowanych w Serwisie<\/strong><\/p>\n\n\n\n<p>W jakim celu?<\/p>\n\n\n\n<p>realizacja umowy o \u015bwiadczenie us\u0142ug oferowanych w Serwisie<\/p>\n\n\n\n<p>Na jakiej podstawie?<\/p>\n\n\n\n<p>umowa o \u015bwiadczenie us\u0142ug (art. 6 ust. 1 lit. b RODO)<\/p>\n\n\n\n<p>Jak d\u0142ugo?<\/p>\n\n\n\n<p>przez okres obowi\u0105zywania umowy<\/p>\n\n\n\n<p>ponadto, Twoje dane b\u0119d\u0105 przetwarzane do up\u0142ywu okresu, w kt\u00f3rym mo\u017cliwe jest dochodzenie roszcze\u0144 \u2013 przez Ciebie lub przez nas (wi\u0119cej informacji na ten temat znajdziesz w ostatniej tabeli tej sekcji)<\/p>\n\n\n\n<p>Co si\u0119 stanie, je\u015bli nie podasz danych?<\/p>\n\n\n\n<p>nie b\u0119dziesz mie\u0107 mo\u017cliwo\u015bci skorzystania z naszych us\u0142ug<\/p>\n\n\n\n<p><strong>2. Nawi\u0105zanie z nami kontaktu (np. w celu zadania pytania)<\/strong><\/p>\n\n\n\n<p>W jakim celu?<\/p>\n\n\n\n<p>obs\u0142uga Twoich zapyta\u0144 lub zg\u0142osze\u0144<\/p>\n\n\n\n<p>Na jakiej podstawie?<\/p>\n\n\n\n<p>umowa lub dzia\u0142ania podejmowane na Twoje \u017c\u0105danie, zmierzaj\u0105ce do jej zawarcia (art. 6 ust. 1 lit. b RODO) \u2013 w przypadku, gdy Twoje zapytanie lub zg\u0142oszenie dotyczy umowy, kt\u00f3rej jeste\u015bmy lub mo\u017cemy by\u0107 stron\u0105 nasz prawnie uzasadniony interes, polegaj\u0105cy na przetwarzaniu Twoich danych w celu prowadzenia z Tob\u0105 komunikacji (art. 6 ust. 1 lit. f RODO) \u2013 je\u017celi Twoje zapytanie lub zg\u0142oszenie nie ma zwi\u0105zku z umow\u0105<\/p>\n\n\n\n<p>Jak d\u0142ugo?<\/p>\n\n\n\n<p>przez czas trwania wi\u0105\u017c\u0105cej nas umowy lub \u2013 je\u015bli umowa nie zostanie zawarta &#8211; do up\u0142ywu okresu dochodzenia roszcze\u0144 \u2013 zobacz ostatni\u0105 tabel\u0119 tej sekcji*<\/p>\n\n\n\n<p>do up\u0142ywu okresu dochodzenia roszcze\u0144 \u2013 zobacz ostatni\u0105 tabel\u0119 tej sekcji &#8211; lub do momentu, w kt\u00f3rym uwzgl\u0119dnimy Tw\u00f3j sprzeciw wobec przetwarzania*<\/p>\n\n\n\n<p>ponadto, Twoje dane b\u0119d\u0105 przetwarzane do up\u0142ywu okresu, w kt\u00f3rym mo\u017cliwe jest dochodzenie roszcze\u0144 \u2013 przez Ciebie lub przez nas (wi\u0119cej informacji na ten temat znajdziesz w ostatniej tabeli tej sekcji)<\/p>\n\n\n\n<p>Co si\u0119 stanie, je\u015bli nie podasz danych?<\/p>\n\n\n\n<p>nie b\u0119dziemy mieli mo\u017cliwo\u015bci udzielenia odpowiedzi na Twoje zapytanie lub zg\u0142oszenie<\/p>\n\n\n\n<p>* w zale\u017cno\u015bci od tego, kt\u00f3re ma zastosowanie w danym przypadku i kt\u00f3re nast\u0105pi najwcze\u015bniej<\/p>\n\n\n\n<p><strong>3. Ustawienia przegl\u0105darki lub inne zbli\u017cone dzia\u0142anie zezwalaj\u0105ce na prowadzenie dzia\u0142a\u0144 analitycznych<\/strong><\/p>\n\n\n\n<p>W jakim celu?<\/p>\n\n\n\n<p>analiza sposobu korzystania i poruszania si\u0119 przez Ciebie po Serwisie, celem dostosowania strony do potrzeb i zachowania U\u017cytkownik\u00f3w (wi\u0119cej na ten temat przeczytasz w sekcji \u201eDzia\u0142ania analityczne\u201d i \u201ePliki cookies\u201d Polityki prywatno\u015bci)<\/p>\n\n\n\n<p>Na jakiej podstawie?<\/p>\n\n\n\n<p>nasz prawnie uzasadniony interes, polegaj\u0105cy na przetwarzaniu danych w podanym wy\u017cej celu (art. 6 ust. 1 lit. f RODO)<\/p>\n\n\n\n<p>Jak d\u0142ugo?<\/p>\n\n\n\n<p>do momentu wyga\u015bni\u0119cia wa\u017cno\u015bci lub usuni\u0119cia przez Ciebie plik\u00f3w cookies, wykorzystywanych do cel\u00f3w analitycznych*<\/p>\n\n\n\n<p>Co si\u0119 stanie, je\u015bli nie podasz danych?<\/p>\n\n\n\n<p>nie uwzgl\u0119dnimy Twoich preferencji dotycz\u0105cych korzystania z Serwisu w pracach nad jego rozwojem<\/p>\n\n\n\n<p>* w zale\u017cno\u015bci od tego, kt\u00f3re ma zastosowanie w danym przypadku i kt\u00f3re nast\u0105pi najwcze\u015bniej<\/p>\n\n\n\n<p><strong>4. Podj\u0119cie dzia\u0142ania lub zaniechanie mog\u0105ce powodowa\u0107 powstanie roszcze\u0144 zwi\u0105zanych z Serwisem lub naszymi us\u0142ugami<\/strong><\/p>\n\n\n\n<p>W jakim celu?<\/p>\n\n\n\n<p>ustalenie, dochodzenie lub obrona ewentualnych roszcze\u0144, zwi\u0105zanych z zawart\u0105 umow\u0105 lub \u015bwiadczonymi us\u0142ugami<\/p>\n\n\n\n<p>Na jakiej podstawie?<\/p>\n\n\n\n<p>nasz prawnie uzasadniony interes, polegaj\u0105cy na przetwarzaniu danych osobowych we wskazanym powy\u017cej celu (art. 6 ust. 1 lit. f RODO)<\/p>\n\n\n\n<p>Jak d\u0142ugo?<\/p>\n\n\n\n<p>do up\u0142ywu okresu przedawnienia roszcze\u0144 lub do momentu, w kt\u00f3rym uwzgl\u0119dnimy Tw\u00f3j sprzeciw wobec przetwarzania*<\/p>\n\n\n\n<p>Co si\u0119 stanie, je\u015bli nie podasz danych?<\/p>\n\n\n\n<p>brak mo\u017cliwo\u015bci ustalenia, dochodzenia lub obrony roszcze\u0144<\/p>\n\n\n\n<p>* w zale\u017cno\u015bci od tego, kt\u00f3re ma zastosowanie w danym przypadku i kt\u00f3re nast\u0105pi najwcze\u015bniej<\/p>\n\n\n\n<p><strong>DZIA\u0141ANIA ANALITYCZNE<\/strong><\/p>\n\n\n\n<p>W ramach Serwisu prowadzimy dzia\u0142ania analityczne, maj\u0105ce na celu zwi\u0119kszenie jego intuicyjno\u015bci i przyst\u0119pno\u015bci \u2013 w odniesieniu do Ciebie b\u0119dzie to mia\u0142o miejsce, je\u015bli zezwolisz na takie dzia\u0142ania. W ramach analizy b\u0119dziemy bra\u0107 pod uwag\u0119 spos\u00f3b, w jaki poruszasz si\u0119 po Serwisie \u2013 a wi\u0119c np. to, ile czasu sp\u0119dzasz na danej podstronie, czy w kt\u00f3re miejsca w Serwisu klikasz. Dzi\u0119ki temu mo\u017cemy dostosowa\u0107 uk\u0142ad i wygl\u0105d Serwisu oraz zamieszczane w nim tre\u015bci do potrzeb U\u017cytkownik\u00f3w.<\/p>\n\n\n\n<p><strong>BEZPIECZE\u0143STWO DANYCH<\/strong><\/p>\n\n\n\n<p>Przetwarzaj\u0105c Twoje dane osobowe stosujemy \u015brodki organizacyjne i techniczne zgodne z w\u0142a\u015bciwymi przepisami prawa, w tym stosujemy szyfrowanie po\u0142\u0105czenia za pomoc\u0105 certyfikatu SSL.<\/p>\n\n\n\n<p><strong>PLIKI COOKIES<\/strong><\/p>\n\n\n\n<p>Nasz Serwis, jak wi\u0119kszo\u015b\u0107 witryn internetowych, korzysta z tzw. plik\u00f3w cookies (ciasteczek). Pliki te:<\/p>\n\n\n\n<ul class=\"wp-block-list\"><li>s\u0105 zapisywane w pami\u0119ci Twojego urz\u0105dzenia (komputera, telefonu, itd.);<\/li><li>nie powoduj\u0105 zmian w ustawieniach Twojego urz\u0105dzenia.<\/li><\/ul>\n\n\n\n<p>W tym Serwisie ciasteczka wykorzystywane s\u0105 w celach:<\/p>\n\n\n\n<ul class=\"wp-block-list\"><li>zapami\u0119tywania Twojej sesji<\/li><li>statystycznych<\/li><li>marketingowych<\/li><li>udost\u0119pniania funkcji Serwisu<\/li><\/ul>\n\n\n\n<p>Aby dowiedzie\u0107 si\u0119, jak zarz\u0105dza\u0107 plikami cookies, w tym jak wy\u0142\u0105czy\u0107 ich obs\u0142ug\u0119 w Twojej przegl\u0105darce, mo\u017cesz skorzysta\u0107 z pliku pomocy Twojej przegl\u0105darki. Z informacjami na ten temat mo\u017cesz zapozna\u0107 si\u0119 wciskaj\u0105c klawisz F1 w przegl\u0105darce. Ponadto odpowiednie wskaz\u00f3wki znajdziesz na nast\u0119puj\u0105cych podstronach, w zale\u017cno\u015bci od przegl\u0105darki, kt\u00f3rej u\u017cywasz:<\/p>\n\n\n\n<p><a href=\"https:\/\/support.mozilla.org\/pl\/kb\/wzmocniona-ochrona-przed-sledzeniem-firefox-desktop?redirectlocale=pl&amp;redirectslug=W%C5%82%C4%85czanie+i+wy%C5%82%C4%85czanie+obs%C5%82ugi+ciasteczek\" data-type=\"URL\" data-id=\"https:\/\/support.mozilla.org\/pl\/kb\/wzmocniona-ochrona-przed-sledzeniem-firefox-desktop?redirectlocale=pl&amp;redirectslug=W%C5%82%C4%85czanie+i+wy%C5%82%C4%85czanie+obs%C5%82ugi+ciasteczek\" target=\"_blank\" rel=\"noreferrer noopener\">Firefox<\/a><\/p>\n\n\n\n<p><a href=\"https:\/\/support.google.com\/chrome\/answer\/95647?hl=pl\" data-type=\"URL\" data-id=\"https:\/\/support.google.com\/chrome\/answer\/95647?hl=pl\" target=\"_blank\" rel=\"noreferrer noopener\">Chrome<\/a><\/p>\n\n\n\n<p><a href=\"https:\/\/support.apple.com\/pl-pl\/guide\/safari\/sfri11471\/mac\" data-type=\"URL\" data-id=\"https:\/\/support.apple.com\/pl-pl\/guide\/safari\/sfri11471\/mac\" target=\"_blank\" rel=\"noreferrer noopener\">Safari<\/a><\/p>\n\n\n\n<p><a href=\"https:\/\/support.microsoft.com\/pl-pl\/windows\/program-microsoft-edge-i-przegl%C4%85danie-danych-a-prywatno%C5%9B%C4%87-bb8174ba-9d73-dcf2-9b4a-c582b4e640dd\" data-type=\"URL\" data-id=\"https:\/\/support.microsoft.com\/pl-pl\/windows\/program-microsoft-edge-i-przegl%C4%85danie-danych-a-prywatno%C5%9B%C4%87-bb8174ba-9d73-dcf2-9b4a-c582b4e640dd\" target=\"_blank\" rel=\"noreferrer noopener\">Internet Explorer \/ Microsoft Edge<\/a><\/p>\n\n\n\n<p>Korzystaj\u0105c z odpowiednich opcji Twojej przegl\u0105darki, w ka\u017cdej chwili mo\u017cesz:<\/p>\n\n\n\n<ul class=\"wp-block-list\"><li>usun\u0105\u0107 pliki cookies,<\/li><li>blokowa\u0107 wykorzystanie plik\u00f3w cookies w przysz\u0142o\u015bci.<\/li><\/ul>\n\n\n\n<p>W takich przypadkach nie b\u0119dziemy ich ju\u017c d\u0142u\u017cej przetwarza\u0107.<\/p>\n\n\n\n<p>Wi\u0119cej informacji o plikach cookies znajdziesz w Wikipedii.<\/p>\n\n\n\n<p><strong>US\u0141UGI ZEWN\u0118TRZNE \/ ODBIORCY DANYCH<\/strong><\/p>\n\n\n\n<p>Korzystamy z us\u0142ug podmiot\u00f3w zewn\u0119trznych, kt\u00f3re wspieraj\u0105 nas w prowadzeniu dzia\u0142alno\u015bci. Powierzamy im do przetwarzania Twoje dane \u2013 podmioty te przetwarzaj\u0105 dane wy\u0142\u0105cznie na nasze udokumentowane polecenie.<\/p>\n","protected":false},"excerpt":{"rendered":"<p>Polityka prywatno\u015bci serwisu www.aleksandrakula.pl (\u201eSerwis\u201d) Drogi U\u017cytkowniku! Dbamy o Twoj\u0105 prywatno\u015b\u0107 i chcemy, aby\u015b w czasie korzystania z naszych us\u0142ug czu\u0142 si\u0119 komfortowo. Dlatego te\u017c poni\u017cej prezentujemy Ci najwa\u017cniejsze informacje o zasadach przetwarzania przez nas Twoich danych osobowych oraz plikach cookies, kt\u00f3re s\u0105 wykorzystywane przez nasz Serwis. Informacje te zosta\u0142y przygotowane z uwzgl\u0119dnieniem RODO, czyli [&hellip;]<\/p>\n","protected":false},"author":1,"featured_media":0,"parent":0,"menu_order":0,"comment_status":"closed","ping_status":"closed","template":"","meta":{"footnotes":""},"class_list":["post-8340","page","type-page","status-publish","hentry"],"_links":{"self":[{"href":"https:\/\/aleksandrakula.pl\/index.php\/wp-json\/wp\/v2\/pages\/8340","targetHints":{"allow":["GET"]}}],"collection":[{"href":"https:\/\/aleksandrakula.pl\/index.php\/wp-json\/wp\/v2\/pages"}],"about":[{"href":"https:\/\/aleksandrakula.pl\/index.php\/wp-json\/wp\/v2\/types\/page"}],"author":[{"embeddable":true,"href":"https:\/\/aleksandrakula.pl\/index.php\/wp-json\/wp\/v2\/users\/1"}],"replies":[{"embeddable":true,"href":"https:\/\/aleksandrakula.pl\/index.php\/wp-json\/wp\/v2\/comments?post=8340"}],"version-history":[{"count":2,"href":"https:\/\/aleksandrakula.pl\/index.php\/wp-json\/wp\/v2\/pages\/8340\/revisions"}],"predecessor-version":[{"id":8346,"href":"https:\/\/aleksandrakula.pl\/index.php\/wp-json\/wp\/v2\/pages\/8340\/revisions\/8346"}],"wp:attachment":[{"href":"https:\/\/aleksandrakula.pl\/index.php\/wp-json\/wp\/v2\/media?parent=8340"}],"curies":[{"name":"wp","href":"https:\/\/api.w.org\/{rel}","templated":true}]}}